{"id":19,"date":"2020-06-22T07:21:45","date_gmt":"2020-06-22T07:21:45","guid":{"rendered":"http:\/\/sw-themes.com\/porto_dummy\/?page_id=19"},"modified":"2025-06-11T20:11:47","modified_gmt":"2025-06-11T20:11:47","slug":"about-us","status":"publish","type":"page","link":"https:\/\/www.hylascom.hu\/?page_id=19","title":{"rendered":"R\u00d3LUNK"},"content":{"rendered":"<div class=\"wpb-content-wrapper\"><p>[vc_row wrap_container=&#8221;yes&#8221; el_class=&#8221;custom-bg-pos&#8221; css=&#8221;.vc_custom_1592998614120{padding-top: 6rem !important;background-image: url(\/\/sw-themes.com\/porto_dummy\/wp-content\/uploads\/2020\/06\/it-dots-background-3.png?id=206) !important;background-position: 0 0 !important;background-repeat: no-repeat !important;}&#8221;][vc_column offset=&#8221;vc_col-lg-5 vc_col-md-7&#8243; el_class=&#8221;mb-5 mb-lg-0&#8243;][vc_custom_heading text=&#8221;R\u00f3lunk&#8221; font_container=&#8221;tag:p|text_align:left|color:%23acb4be&#8221; use_theme_fonts=&#8221;yes&#8221; text_transform=&#8221;text-uppercase&#8221; font_weight=&#8221;700&#8243; animation_delay=&#8221;700&#8243; el_class=&#8221;mb-1&#8243; animation_type=&#8221;fadeInUp&#8221; css_params=&#8221;&#8221;][vc_custom_heading text=&#8221;Arra \u00f6sszpontos\u00edtunk, hogy Partnereink az \u00fczleti kih\u00edv\u00e1sokat sikeresen tudj\u00e1k kezelni az \u00e1ltalunk ny\u00fajtott modern IT szolg\u00e1ltat\u00e1sok \u00e9s IT megold\u00e1sok seg\u00edts\u00e9g\u00e9vel.&#8221; font_container=&#8221;tag:h2|font_size:2.3em|text_align:left|line_height:1.2&#8243; use_theme_fonts=&#8221;yes&#8221; letter_spacing=&#8221;-1px&#8221; animation_delay=&#8221;900&#8243; el_class=&#8221;pb-3 mb-4&#8243; animation_type=&#8221;fadeInUp&#8221; css_params=&#8221;&#8221;][vc_custom_heading text=&#8221;Az IT tan\u00e1csad\u00e1s sor\u00e1n az al\u00e1bbi ter\u00fcleteken ny\u00fajtunk seg\u00edts\u00e9get<br \/>\n\t\u2022 informatikai rendszerek tervez\u00e9se \u00e9s korszer\u0171s\u00edt\u00e9se,<br \/>\n\t\u2022 felh\u0151alap\u00fa megold\u00e1sok bevezet\u00e9se (pl. Microsoft 365, Google Workspace),<br \/>\n\t\u2022 h\u00e1l\u00f3zati infrastrukt\u00fara ki\u00e9p\u00edt\u00e9se \u00e9s optimaliz\u00e1l\u00e1sa (CISCO hardverekkel),<br \/>\n\t\u2022 adatbiztons\u00e1g \u00e9s kiberbiztons\u00e1g meger\u0151s\u00edt\u00e9se,<br \/>\n\t\u2022 szoftverek kiv\u00e1laszt\u00e1sa \u00e9s bevezet\u00e9se,<br \/>\n\t\u2022 informatikai k\u00f6lts\u00e9gek racionaliz\u00e1l\u00e1sa.&#8221; font_container=&#8221;tag:p|font_size:1.1em|text_align:left&#8221; use_theme_fonts=&#8221;yes&#8221; animation_delay=&#8221;1100&#8243; el_class=&#8221;pb-2 mb-4&#8243; animation_type=&#8221;fadeInUp&#8221; css_params=&#8221;&#8221;][\/vc_column][vc_column width=&#8221;5\/6&#8243; el_class=&#8221;mx-auto me-xl-0&#8243; offset=&#8221;vc_col-md-5&#8243;][vc_single_image image=&#8221;209&#8243; img_size=&#8221;full&#8221; alignment=&#8221;center&#8221; animation_delay=&#8221;1500&#8243; animation_type=&#8221;fadeInLeft&#8221; el_class=&#8221;mb-0&#8243;][\/vc_column][\/vc_row]<\/p>\n<\/div>","protected":false},"excerpt":{"rendered":"<p>[vc_row wrap_container=&#8221;yes&#8221; el_class=&#8221;custom-bg-pos&#8221; css=&#8221;.vc_custom_1592998614120{padding-top: 6rem !important;background-image: url(\/\/sw-themes.com\/porto_dummy\/wp-content\/uploads\/2020\/06\/it-dots-background-3.png?id=206) !important;background-position: 0 0 !important;background-repeat: no-repeat !important;}&#8221;][vc_column offset=&#8221;vc_col-lg-5 vc_col-md-7&#8243; el_class=&#8221;mb-5 mb-lg-0&#8243;][vc_custom_heading text=&#8221;R\u00f3lunk&#8221; font_container=&#8221;tag:p|text_align:left|color:%23acb4be&#8221; use_theme_fonts=&#8221;yes&#8221; text_transform=&#8221;text-uppercase&#8221; font_weight=&#8221;700&#8243; animation_delay=&#8221;700&#8243; el_class=&#8221;mb-1&#8243; animation_type=&#8221;fadeInUp&#8221; css_params=&#8221;&#8221;][vc_custom_heading text=&#8221;Arra \u00f6sszpontos\u00edtunk, hogy Partnereink az \u00fczleti kih\u00edv\u00e1sokat sikeresen tudj\u00e1k kezelni az \u00e1ltalunk ny\u00fajtott modern IT szolg\u00e1ltat\u00e1sok \u00e9s IT megold\u00e1sok seg\u00edts\u00e9g\u00e9vel.&#8221; font_container=&#8221;tag:h2|font_size:2.3em|text_align:left|line_height:1.2&#8243; use_theme_fonts=&#8221;yes&#8221; letter_spacing=&#8221;-1px&#8221; animation_delay=&#8221;900&#8243; el_class=&#8221;pb-3 mb-4&#8243; animation_type=&#8221;fadeInUp&#8221; css_params=&#8221;&#8221;][vc_custom_heading text=&#8221;Az [&hellip;]<\/p>\n","protected":false},"author":1,"featured_media":0,"parent":0,"menu_order":0,"comment_status":"closed","ping_status":"closed","template":"","meta":{"_acf_changed":false,"footnotes":""},"class_list":["post-19","page","type-page","status-publish","hentry"],"acf":[],"_links":{"self":[{"href":"https:\/\/www.hylascom.hu\/index.php?rest_route=\/wp\/v2\/pages\/19","targetHints":{"allow":["GET"]}}],"collection":[{"href":"https:\/\/www.hylascom.hu\/index.php?rest_route=\/wp\/v2\/pages"}],"about":[{"href":"https:\/\/www.hylascom.hu\/index.php?rest_route=\/wp\/v2\/types\/page"}],"author":[{"embeddable":true,"href":"https:\/\/www.hylascom.hu\/index.php?rest_route=\/wp\/v2\/users\/1"}],"replies":[{"embeddable":true,"href":"https:\/\/www.hylascom.hu\/index.php?rest_route=%2Fwp%2Fv2%2Fcomments&post=19"}],"version-history":[{"count":5,"href":"https:\/\/www.hylascom.hu\/index.php?rest_route=\/wp\/v2\/pages\/19\/revisions"}],"predecessor-version":[{"id":887,"href":"https:\/\/www.hylascom.hu\/index.php?rest_route=\/wp\/v2\/pages\/19\/revisions\/887"}],"wp:attachment":[{"href":"https:\/\/www.hylascom.hu\/index.php?rest_route=%2Fwp%2Fv2%2Fmedia&parent=19"}],"curies":[{"name":"wp","href":"https:\/\/api.w.org\/{rel}","templated":true}]}}